{"id":6033,"date":"2022-06-20T10:45:26","date_gmt":"2022-06-20T15:45:26","guid":{"rendered":"http:\/\/topinsus.three.zysites.com\/about-us\/"},"modified":"2023-10-09T10:35:52","modified_gmt":"2023-10-09T15:35:52","slug":"about-us","status":"publish","type":"page","link":"https:\/\/www.topinsus.com\/es\/about-us\/","title":{"rendered":"Acerca de nosotros"},"content":{"rendered":"<h2>Una ventaja independiente<\/h2>\n<p>Somos agentes independientes en Georgia, libres de elegir la mejor compa\u00f1\u00eda para sus necesidades de seguro.<\/p>\n<p>No trabajamos para una compa\u00f1\u00eda de seguros; trabajamos para usted. Trabajamos de su lado cuando tiene una p\u00e9rdida y hacemos un seguimiento para asegurarnos de que reciba un pago y un servicio justos y puntuales.<\/p>\n<p>Top Insurance Agency representa un grupo cuidadosamente seleccionado de compa\u00f1\u00edas de seguros acreditadas y financieramente s\u00f3lidas; por ello, podemos ofrecerle la mejor cobertura al precio m\u00e1s competitivo.<\/p>\n<p>Como agentes independientes, hemos establecido relaciones s\u00f3lidas y a largo plazo con algunos de los principales operadores nacionales y regionales de la industria.<\/p>\n<p>Nuestro personal experimentado podr\u00e1 brindar soluciones y servicios de seguros integrales y expertos.<\/p>\n","protected":false},"excerpt":{"rendered":"<p>Una ventaja independiente Somos agentes independientes en Georgia, libres de elegir la mejor compa\u00f1\u00eda para sus necesidades de seguro. No trabajamos para una compa\u00f1\u00eda de seguros; trabajamos para usted. Trabajamos de su lado cuando tiene una p\u00e9rdida y hacemos un seguimiento para asegurarnos de que reciba un pago y un servicio justos y puntuales. Top [&hellip;]<\/p>\n","protected":false},"author":35,"featured_media":0,"parent":0,"menu_order":0,"comment_status":"closed","ping_status":"closed","template":"","meta":{"_acf_changed":false,"_seopress_robots_primary_cat":null,"_seopress_titles_title":"","_seopress_titles_desc":"","_seopress_robots_index":"","_analytify_skip_tracking":false,"footnotes":""},"class_list":["post-6033","page","type-page","status-publish","hentry"],"acf":[],"_links":{"self":[{"href":"https:\/\/www.topinsus.com\/es\/wp-json\/wp\/v2\/pages\/6033","targetHints":{"allow":["GET"]}}],"collection":[{"href":"https:\/\/www.topinsus.com\/es\/wp-json\/wp\/v2\/pages"}],"about":[{"href":"https:\/\/www.topinsus.com\/es\/wp-json\/wp\/v2\/types\/page"}],"author":[{"embeddable":true,"href":"https:\/\/www.topinsus.com\/es\/wp-json\/wp\/v2\/users\/35"}],"replies":[{"embeddable":true,"href":"https:\/\/www.topinsus.com\/es\/wp-json\/wp\/v2\/comments?post=6033"}],"version-history":[{"count":0,"href":"https:\/\/www.topinsus.com\/es\/wp-json\/wp\/v2\/pages\/6033\/revisions"}],"wp:attachment":[{"href":"https:\/\/www.topinsus.com\/es\/wp-json\/wp\/v2\/media?parent=6033"}],"curies":[{"name":"wp","href":"https:\/\/api.w.org\/{rel}","templated":true}]}}